{"id":2339,"date":"2018-05-29T14:29:54","date_gmt":"2018-05-29T13:29:54","guid":{"rendered":"http:\/\/jusos-schwerin.de\/?page_id=2339"},"modified":"2019-10-08T16:45:54","modified_gmt":"2019-10-08T15:45:54","slug":"datenschutz","status":"publish","type":"page","link":"http:\/\/jusos-schwerin.de\/?page_id=2339","title":{"rendered":"Datenschutz"},"content":{"rendered":"<h3>Datenschutzerkl\u00e4rung<\/h3>\n<p>Der Schutz Ihrer pers\u00f6nlichen Daten ist uns ein besonderes Anliegen. Wir verarbeiten Ihre Daten daher ausschlie\u00dflich auf Grundlage der gesetzlichen Bestimmungen (EU-Datenschutzgrundverordnung, Telemediengesetz). In diesen Datenschutzinformationen informieren wir Sie \u00fcber die wichtigsten Aspekte der Datenverarbeitung im Rahmen unserer Internetseite.<\/p>\n<h3>Pers\u00f6nliche Daten<\/h3>\n<p>Pers\u00f6nliche Daten, die Sie \u00fcber diese Internetseite elektronisch \u00fcbermitteln, z.B. Ihren Namen, Postanschrift, E-Mail-Adresse oder andere pers\u00f6nlichen Angaben, werden von uns nur zum jeweils angegebenen Zweck verwendet, sicher verwahrt und nicht an Dritte weitergegeben. Es werden Ihnen nur Informationen zugeschickt, sofern Sie sich f\u00fcr entsprechende Dienste angemeldet haben.<\/p>\n<h3>Kontakt mit uns<\/h3>\n<p>Wenn Sie per Formular auf der Website oder per E-Mail Kontakt mit uns aufnehmen, werden Ihre angegebenen Daten zwecks Bearbeitung der Anfrage und f\u00fcr den Fall von Anschlussfragen h\u00f6chstens sechs Monate bei uns gespeichert.<\/p>\n<h3>Datenl\u00f6schung und Speicherung<\/h3>\n<p>Ihre personenbezogenen Daten werden gel\u00f6scht oder gesperrt, sobald der Zweck der Speicherung entf\u00e4llt. Eine l\u00e4ngere Speicherung kann dann erfolgen, wenn der L\u00f6schung eine gesetzliche Aufbewahrungsfrist z.B. entsprechend des Parteienrechts entgegensteht. Eine Weitergabe an Dritte erfolgt nicht.<\/p>\n<h3>Nutzungsdaten und Web-Analyse<\/h3>\n<p>Unserer Website verwendet Matomo (150 Willis St, 6011 Wellington, New Zealand; vormals: Piwik), dabei handelt es sich um einen sogenannten Webanalysedienst. Matomo verwendet so genannte \u201eCookies\u201c. Das sind Textdateien, die auf Ihrem Computer gespeichert werden und die unsererseits eine Analyse der Benutzung der Internetseite erm\u00f6glichen. Zu diesem Zweck werden die durch den Cookie erzeugten Nutzungsinformationen (einschlie\u00dflich Ihrer gek\u00fcrzten IP-Adresse) an unsere Server bei &#8218;artfiles&#8216; in deren Rechenzentrum in Hamburg \u00fcbertragen und gehostet. Die Daten werden von uns f\u00fcr ein Jahr zu Nutzungsanalysezwecken gespeichert, was der Webseitenoptimierung unsererseits dient. Ihre IP-Adresse wird bei diesem Vorgang umgehend anonymisiert, so dass Sie als Nutzer f\u00fcr uns anonym bleiben. Die durch den Cookie erzeugten Informationen \u00fcber Ihre Benutzung dieser Internetseite werden nicht an Dritte weiter gegeben. Sie k\u00f6nnen die Verwendung der Cookies durch eine entsprechende Einstellung Ihrer Browser-Software verhindern, es kann jedoch sein, dass Sie in diesem Fall gegebenenfalls nicht s\u00e4mtliche Funktionen dieser Website vollumf\u00e4nglich nutzen k\u00f6nnen. (N\u00e4here Informationen finden Sie unten unter \u201eVerwendung von Cookies\u201c.)<br \/>\nWenn Sie mit der Speicherung und Auswertung dieser Daten aus Ihrem Besuch nicht einverstanden sein, k\u00f6nnen Sie der Speicherung und Nutzung nachfolgend per Mausklick jederzeit widersprechen. In diesem Fall wird in Ihrem Browser ein so genannter Opt-Out-Cookie abgelegt, was zur Folge hat, dass Matomo keinerlei Sitzungsdaten erhebt. Achtung: Wenn Sie Ihre Cookies l\u00f6schen, so hat dies zur Folge, dass auch das Opt-Out-Cookie gel\u00f6scht wird und ggf. von Ihnen erneut aktiviert werden muss.<\/p>\n<h3>Rechtsgrundlage<\/h3>\n<p>Die Datenverarbeitung erfolgt auf Basis der gesetzlichen Bestimmungen und folgender Rechtsgrundlagen:<br \/>\nEinwilligung<br \/>\nVertragserf\u00fcllung oder vorvertragliche Ma\u00dfnahmen<br \/>\nrechtliche Verpflichtungen<br \/>\nZur Wahrung eines berechtigten Interesses. Die Interessen, Grundrechte und Grundfreiheiten der Betroffenen \u00fcberwiegen das erstgenannte Interesse nicht.<br \/>\nUnser Anliegen im Sinne der DSGVO (berechtigtes Interesse) ist die Verbesserung unseres Angebotes und unseres Webauftritts. Da uns die Privatsph\u00e4re unserer Nutzer wichtig ist, werden die Nutzerdaten pseudonymisiert. Die Daten werden von uns f\u00fcr ein Jahr zu Nutzungsanalysezwecken gespeichert. Ihre IP-Adresse wird bei diesem Vorgang umgehend anonymisiert, so dass Sie als Nutzer f\u00fcr uns anonym bleiben. Die durch den Cookie erzeugten Informationen \u00fcber Ihre Benutzung dieser Webseite werden nicht an Dritte weiter gegeben.<\/p>\n<h3>Verwendung von Cookies<\/h3>\n<p>Unsere Internetseite verwendet so genannte Cookies. Dabei handelt es sich um kleine Textdateien, die mit Hilfe des Browsers auf Ihrem Endger\u00e4t abgelegt werden. Sie richten keinen Schaden an.<br \/>\nWir nutzen Cookies dazu, unser Angebot nutzerfreundlich zu gestalten. Einige Cookies bleiben auf Ihrem Endger\u00e4t gespeichert, bis Sie diese l\u00f6schen. Sie erm\u00f6glichen es uns, Ihren Browser beim n\u00e4chsten Besuch wiederzuerkennen.<br \/>\nWenn Sie dies nicht w\u00fcnschen, k\u00f6nnen Sie Ihren Browser so einrichten, dass er Sie \u00fcber das Setzen von Cookies informiert und Sie dies nur im Einzelfall erlauben. Bei der Deaktivierung von Cookies kann die Funktionalit\u00e4t unserer Website eingeschr\u00e4nkt sein.<br \/>\nNetscape, Mozilla, Firefox: -&gt; Bearbeiten -&gt; Einstellungen -&gt; Erweitert -&gt; Cookies<br \/>\nExplorer: -&gt; Ansicht -&gt; Internetoptionen -&gt; Erweitert -&gt; Cookies<\/p>\n<h3>Verwendung von Social Plugins (Facebook, Twitter, Google+)<\/h3>\n<p>Diese Internetseite verwendet mit den \u201eTeilen\u201c-Buttons am Ende der Artikel so genannte Social Plugins von Facebook, Twitter und Google+. Das Plugin ist mit den entsprechenden Logos gekennzeichnet. Wenn Sie dieses Plugin durch Anklicken des jeweiligen Buttons aufrufen, wird eine Verbindung z.B. zu den Facebook-Servern hergestellt. Damit werden Daten an ein au\u00dfereurop\u00e4isches Drittland \u00fcbertragen. Hierdurch wird an den Facebook-Server \u00fcbermittelt, welche unserer Internetseiten Sie besucht haben. Sind Sie dabei als Mitglied bei Facebook eingeloggt, ordnet Facebook diese Information Ihrem pers\u00f6nlichen Facebook-Benutzerkonto zu. Beim Anklicken des \u201eEmpfehlen\u201c-Buttons werden diese Informationen Ihrem Facebook-Konto zugeordnet, was Sie nur durch Ausloggen vor Nutzung des Plugins verhindern k\u00f6nnen. N\u00e4here Informationen zur Erhebung und Nutzung der Daten durch Facebook, \u00fcber Ihre diesbez\u00fcglichen Rechte und M\u00f6glichkeiten zum Schutz Ihrer Privatsph\u00e4re finden Sie in den Datenschutzhinweisen von Facebook.<\/p>\n<h3>Eingebundene YouTube-Videos<\/h3>\n<p>Diese Webseite bindet YouTube-Videos ein. Die eingebundenen Clips legen bei dem Aufrufen der Seite Cookies auf den Computern der User ab. Wer das Setzen von Cookies f\u00fcr das Google-Werbeprogramm deaktiviert hat, wird auch beim Aufrufen von YouTube-Clips mit keinen solcher Cookies rechnen m\u00fcssen. YouTube legt aber auch in anderen Cookies nicht-personenbezogene Nutzungsinformationen ab. M\u00f6chten Sie dies verhindern, m\u00fcssen Sie das im Browser blockieren.<\/p>\n<h3>Links zu anderen Webseiten<\/h3>\n<p>Unser Angebot enth\u00e4lt Links zu externen Webseiten Dritter, auf deren Inhalte wir keinen Einfluss haben. Deshalb k\u00f6nnen wir f\u00fcr diese fremden Inhalte auch keine Gew\u00e4hr \u00fcbernehmen. F\u00fcr die Inhalte der verlinkten Seiten ist stets der jeweilige Anbieter oder Betreiber der Seiten verantwortlich. Die verlinkten Seiten wurden zum Zeitpunkt der Verlinkung auf m\u00f6gliche Rechtsverst\u00f6\u00dfe \u00fcberpr\u00fcft. Rechtswidrige Inhalte waren zum Zeitpunkt der Verlinkung nicht erkennbar. Eine permanente inhaltliche Kontrolle der verlinkten Seiten ist jedoch ohne konkrete Anhaltspunkte einer Rechtsverletzung nicht zumutbar. Bei Bekanntwerden von Rechtsverletzungen werden wir derartige Links umgehend entfernen.<\/p>\n<h3>Ihre Rechte<\/h3>\n<p>Ihnen stehen grunds\u00e4tzlich die Rechte auf Auskunft, Berichtigung, L\u00f6schung, Einschr\u00e4nkung, Daten\u00fcbertragbarkeit, Widerruf und Widerspruch zu. Wenn Sie glauben, dass die Verarbeitung Ihrer Daten gegen das Datenschutzrecht verst\u00f6\u00dft oder Ihre datenschutzrechtlichen Anspr\u00fcche sonst in einer Weise verletzt worden sind, k\u00f6nnen Sie sich bei der Aufsichtsbeh\u00f6rde beschweren. In Mecklenburg-Vorpommern ist dies bei der Landes-Datenschutzbeauftragten m\u00f6glich:<br \/>\nDer Landesbeauftragte f\u00fcr Datenschutz und Informationsfreiheit Mecklenburg-Vorpommern<br \/>\nWerderstra\u00dfe 74a<br \/>\n19055 Schwerin<br \/>\nE-Mail: info@datenschutz-mv.de<\/p>\n","protected":false},"excerpt":{"rendered":"","protected":false},"author":18,"featured_media":0,"parent":0,"menu_order":11,"comment_status":"closed","ping_status":"closed","template":"","meta":[],"_links":{"self":[{"href":"http:\/\/jusos-schwerin.de\/index.php?rest_route=\/wp\/v2\/pages\/2339"}],"collection":[{"href":"http:\/\/jusos-schwerin.de\/index.php?rest_route=\/wp\/v2\/pages"}],"about":[{"href":"http:\/\/jusos-schwerin.de\/index.php?rest_route=\/wp\/v2\/types\/page"}],"author":[{"embeddable":true,"href":"http:\/\/jusos-schwerin.de\/index.php?rest_route=\/wp\/v2\/users\/18"}],"replies":[{"embeddable":true,"href":"http:\/\/jusos-schwerin.de\/index.php?rest_route=%2Fwp%2Fv2%2Fcomments&post=2339"}],"version-history":[{"count":2,"href":"http:\/\/jusos-schwerin.de\/index.php?rest_route=\/wp\/v2\/pages\/2339\/revisions"}],"predecessor-version":[{"id":2411,"href":"http:\/\/jusos-schwerin.de\/index.php?rest_route=\/wp\/v2\/pages\/2339\/revisions\/2411"}],"wp:attachment":[{"href":"http:\/\/jusos-schwerin.de\/index.php?rest_route=%2Fwp%2Fv2%2Fmedia&parent=2339"}],"curies":[{"name":"wp","href":"https:\/\/api.w.org\/{rel}","templated":true}]}}