{"id":2327,"date":"2018-05-14T14:31:37","date_gmt":"2018-05-14T13:31:37","guid":{"rendered":"http:\/\/jusos-schwerin.de\/?page_id=2327"},"modified":"2018-05-28T14:56:54","modified_gmt":"2018-05-28T13:56:54","slug":"unsere-themen","status":"publish","type":"page","link":"http:\/\/jusos-schwerin.de\/?page_id=2327","title":{"rendered":"Unsere Themen"},"content":{"rendered":"<p>&nbsp;<\/p>\n<h2>Kampf gegen Rechts:<\/h2>\n<h4>Egal ob in Europa, Deutschland, Mecklenburg-Vorpommern oder Schwerin. Den aufkeimenden und mittlerweile teilweise etablierten Rechtspopulismus nehmen wir auf keinen Fall so hin und deshalb ist der Kampf gegen Rechts f\u00fcr uns Jusos Schwerin ein essentielles Thema. Wir leben Vielfalt und Toleranz und sind gegen jede Form von Diskriminierung und Ausgrenzung. Vor allem durch Veranstaltungen wie dem &#8222;Storch Heinar Cup&#8220; oder dem von uns Jusos Schwerin organisiertem Sportturnier &#8222;Integration durch Sport&#8220; wollen wir ein Zeichen gegen rechtes Gedankengut setzen, denn gerade Sport verbindet, unabh\u00e4ngig von Nationalit\u00e4t und sozialer Herkunft. Ebenso partizipieren wir an Demos gegen Rechts, wie zum Beispiel von Organisationen wie &#8222;Schwerin f\u00fcr alle&#8220; und an der &#8222;Wir-Vielfalts-Meile&#8220;, wo wir oftmals mit unserem Storch Heinar unterwegs sind, um den Rechten in Schwerin keinen Raum zu geben.<\/h4>\n<p><img loading=\"lazy\" class=\"alignnone wp-image-2328\" src=\"http:\/\/jusos-schwerin.de\/wp-content\/uploads\/2018\/05\/IMG_20180224_104122_546-300x300.jpg\" alt=\"\" width=\"239\" height=\"239\" srcset=\"http:\/\/jusos-schwerin.de\/wp-content\/uploads\/2018\/05\/IMG_20180224_104122_546-300x300.jpg 300w, http:\/\/jusos-schwerin.de\/wp-content\/uploads\/2018\/05\/IMG_20180224_104122_546-150x150.jpg 150w, http:\/\/jusos-schwerin.de\/wp-content\/uploads\/2018\/05\/IMG_20180224_104122_546-768x768.jpg 768w, http:\/\/jusos-schwerin.de\/wp-content\/uploads\/2018\/05\/IMG_20180224_104122_546-1024x1024.jpg 1024w, http:\/\/jusos-schwerin.de\/wp-content\/uploads\/2018\/05\/IMG_20180224_104122_546.jpg 1721w\" sizes=\"(max-width: 239px) 100vw, 239px\" \/><b><\/b><i><\/i><u><\/u><\/p>\n<h2>Kinder- und Jugendengagement:<\/h2>\n<h4>Unser Ziel ist ein Schwerin, das f\u00fcr Kinder und Jugendliche attraktiv ist. Das funktioniert zum Einen durch gen\u00fcgend Freizeitangebote, um sich selbst zu verwirklichen, zum Anderen aber auch durch politische Partizipation und Mitbestimmung und hier wollen wir Jusos Schwerin Vorbild sein. Unsere regelm\u00e4\u00dfigen Sitzungen, jeden 2. und 4. Mittwoch im Monat, sind stets \u00f6ffentlich und somit sind alle politikinteressierten Jugendlichen eingeladen mit uns zu diskutieren und zu gestalten. Politische Partizipation bedeutet bedeutet f\u00fcr uns aber auch das Wahlalter 16 auf Landesebene, um schon fr\u00fcher die Mitbestimmung f\u00fcr Jugendliche zu erm\u00f6glichen. Eine wichtige Rolle spielt f\u00fcr uns in Schwerin auch der Kinder- und Jugendrat, den wir nachhaltig st\u00e4rken wollen, um den Kindern und Jugendlichen so auch in Schwerin eine starke Stimme zu verleihen. Schon seit einigen Jahren und auch noch bis heute besch\u00e4ftigt uns Jusos Schwerin das Thema Kitaplatz-Vergabe. Hier hat Schwerin aus unserer Sicht noch Nachholbedarf. Das System der Kitaplatz-Vergabe muss effektiver und transparenter werden und somit auch zufriedenstellender f\u00fcr die Familien. Wir Jusos Schwerin m\u00f6chten uns hier aktiv bei der L\u00f6sungsfindung einbringen.<\/h4>\n<p>&nbsp;<\/p>\n<p><img loading=\"lazy\" class=\"alignnone wp-image-2329\" src=\"http:\/\/jusos-schwerin.de\/wp-content\/uploads\/2018\/05\/IMG-20180412-WA0003-300x225.jpg\" alt=\"\" width=\"244\" height=\"183\" srcset=\"http:\/\/jusos-schwerin.de\/wp-content\/uploads\/2018\/05\/IMG-20180412-WA0003-300x225.jpg 300w, http:\/\/jusos-schwerin.de\/wp-content\/uploads\/2018\/05\/IMG-20180412-WA0003-768x577.jpg 768w, http:\/\/jusos-schwerin.de\/wp-content\/uploads\/2018\/05\/IMG-20180412-WA0003-1024x770.jpg 1024w, http:\/\/jusos-schwerin.de\/wp-content\/uploads\/2018\/05\/IMG-20180412-WA0003.jpg 1280w\" sizes=\"(max-width: 244px) 100vw, 244px\" \/><b><\/b><i><\/i><u><\/u><b><\/b><i><\/i><u><\/u><\/p>\n<h2>Integrationsarbeit:<\/h2>\n<h4>Schwerin hat mit 8,3% den h\u00f6chsten Ausl\u00e4nderanteil einer Stadt in Mecklenburg-Vorpommern. Zum einen stellt uns das vor verschiedenste Aufgaben und Herausforderungen, ist aber ebenso Ausdruck von Vielfalt und Diversit\u00e4t unserer Landeshauptstadt. Wir wollen unseren Teil zur Integration beitragen und organisieren\/partizipieren deshalb unter anderem Sportturniere wie den &#8222;Storch Heinar Cup&#8220;, &#8222;Sport ohne Grenzen&#8220; und &#8222;Integration durch Sport&#8220;. Unabh\u00e4ngig von Nationalit\u00e4t und sozialer Herkunft wollen wir so den Zusammenhalt untereinander st\u00e4rken und f\u00fcr mehr Toleranz und Akzeptanz in der Gesellschaft sorgen. Denn auf dem Sportplatz sprechen wir alle die selbe Sprache. F\u00fcr mehr Vielfalt und gegen Ausgrenzung setzen wir uns au\u00dferdem auf Demos gegen Rechts und Vielfaltsmessen ein.<\/h4>\n<h5><img loading=\"lazy\" class=\"alignnone wp-image-2284\" src=\"http:\/\/jusos-schwerin.de\/wp-content\/uploads\/2018\/04\/sport2-271x300.jpg\" alt=\"\" width=\"217\" height=\"240\" srcset=\"http:\/\/jusos-schwerin.de\/wp-content\/uploads\/2018\/04\/sport2-271x300.jpg 271w, http:\/\/jusos-schwerin.de\/wp-content\/uploads\/2018\/04\/sport2.jpg 450w\" sizes=\"(max-width: 217px) 100vw, 217px\" \/><\/h5>\n<p>&nbsp;<\/p>\n<p>&nbsp;<\/p>\n","protected":false},"excerpt":{"rendered":"","protected":false},"author":18,"featured_media":0,"parent":0,"menu_order":0,"comment_status":"closed","ping_status":"closed","template":"","meta":[],"_links":{"self":[{"href":"http:\/\/jusos-schwerin.de\/index.php?rest_route=\/wp\/v2\/pages\/2327"}],"collection":[{"href":"http:\/\/jusos-schwerin.de\/index.php?rest_route=\/wp\/v2\/pages"}],"about":[{"href":"http:\/\/jusos-schwerin.de\/index.php?rest_route=\/wp\/v2\/types\/page"}],"author":[{"embeddable":true,"href":"http:\/\/jusos-schwerin.de\/index.php?rest_route=\/wp\/v2\/users\/18"}],"replies":[{"embeddable":true,"href":"http:\/\/jusos-schwerin.de\/index.php?rest_route=%2Fwp%2Fv2%2Fcomments&post=2327"}],"version-history":[{"count":5,"href":"http:\/\/jusos-schwerin.de\/index.php?rest_route=\/wp\/v2\/pages\/2327\/revisions"}],"predecessor-version":[{"id":2338,"href":"http:\/\/jusos-schwerin.de\/index.php?rest_route=\/wp\/v2\/pages\/2327\/revisions\/2338"}],"wp:attachment":[{"href":"http:\/\/jusos-schwerin.de\/index.php?rest_route=%2Fwp%2Fv2%2Fmedia&parent=2327"}],"curies":[{"name":"wp","href":"https:\/\/api.w.org\/{rel}","templated":true}]}}