{"id":2,"date":"2010-07-07T21:25:30","date_gmt":"2010-07-07T21:25:30","guid":{"rendered":"http:\/\/jusos-schwerin.de\/?page_id=2"},"modified":"2018-09-13T14:58:07","modified_gmt":"2018-09-13T13:58:07","slug":"eine-seite","status":"publish","type":"page","link":"http:\/\/jusos-schwerin.de\/?page_id=2","title":{"rendered":"Impressum"},"content":{"rendered":"<p><strong>Jusos in der SPD &#8211; Kreisverband Schwerin<\/strong><br \/>\nWismarsche Str. 152 :: 19053 Schwerin<br \/>\nTelefon: 0385 \/ 78 515 38<\/p>\n<p><strong>Verantwortlich:<\/strong> Mustafa Nemat Ali, Kreisvorsitzender Jusos Schwerin (V.i.S.d.P.)<br \/>\n<strong>Kontakt:<\/strong> <a href=\"mailto:info@jusos-schwerin.de\">info@jusos-schwerin.de<\/a><br \/>\n<strong>Redaktion und Realisierung:<\/strong> Benjamin Gienke, Jan-Jacob Corinth, Lisa-Marie Brade, Jan Hillgruber, Mustafa Nemat Ali<\/p>\n<p>Alle Texte, alle Fotos, alle Gestaltungselemente dieses Servers sind &#8211; sofern nicht ein anderes Copyright angegeben ist &#8211; f\u00fcr die Jusos in der SPD urheberrechtlich gesch\u00fctzt. Jede Verwertung au\u00dferhalb der engen Grenzen des Urheberrechtsgesetzes ist ohne Zustimmung der Jusos Schwerin unzul\u00e4ssig und strafbar.<\/p>\n<p>Wir haben auf unseren Seiten Links zu anderen Seiten im Internet. F\u00fcr alle diese Links gilt, dass wir keinerlei Einfluss auf die Gestaltung und die Inhalte der gelinkten Seiten haben. Deswegen \u00fcbernehmen wir auch keinerlei Verantwortung f\u00fcr Inhalt und Gestaltung dieser Seiten. Diese Erkl\u00e4rung gilt f\u00fcr alle auf unserer Internetpr\u00e4senz angezeigten Links und f\u00fcr alle Inhalte der Seiten, zu denen die bei uns angemeldeten Banner und Links f\u00fchren.<\/p>\n","protected":false},"excerpt":{"rendered":"","protected":false},"author":18,"featured_media":0,"parent":0,"menu_order":99,"comment_status":"closed","ping_status":"closed","template":"","meta":[],"_links":{"self":[{"href":"http:\/\/jusos-schwerin.de\/index.php?rest_route=\/wp\/v2\/pages\/2"}],"collection":[{"href":"http:\/\/jusos-schwerin.de\/index.php?rest_route=\/wp\/v2\/pages"}],"about":[{"href":"http:\/\/jusos-schwerin.de\/index.php?rest_route=\/wp\/v2\/types\/page"}],"author":[{"embeddable":true,"href":"http:\/\/jusos-schwerin.de\/index.php?rest_route=\/wp\/v2\/users\/18"}],"replies":[{"embeddable":true,"href":"http:\/\/jusos-schwerin.de\/index.php?rest_route=%2Fwp%2Fv2%2Fcomments&post=2"}],"version-history":[{"count":26,"href":"http:\/\/jusos-schwerin.de\/index.php?rest_route=\/wp\/v2\/pages\/2\/revisions"}],"predecessor-version":[{"id":2365,"href":"http:\/\/jusos-schwerin.de\/index.php?rest_route=\/wp\/v2\/pages\/2\/revisions\/2365"}],"wp:attachment":[{"href":"http:\/\/jusos-schwerin.de\/index.php?rest_route=%2Fwp%2Fv2%2Fmedia&parent=2"}],"curies":[{"name":"wp","href":"https:\/\/api.w.org\/{rel}","templated":true}]}}