{"id":1316,"date":"2011-07-25T09:23:06","date_gmt":"2011-07-25T08:23:06","guid":{"rendered":"http:\/\/jusos-schwerin.de\/?page_id=1316"},"modified":"2019-10-08T17:04:08","modified_gmt":"2019-10-08T16:04:08","slug":"storch-heinar-cup-2011","status":"publish","type":"page","link":"http:\/\/jusos-schwerin.de\/?page_id=1316","title":{"rendered":"Storch Heinar Cup"},"content":{"rendered":"<p><img loading=\"lazy\" class=\"wp-image-2413 size-medium aligncenter\" src=\"http:\/\/jusos-schwerin.de\/wp-content\/uploads\/2019\/10\/Cup1-300x300.jpg\" alt=\"\" width=\"300\" height=\"300\" srcset=\"http:\/\/jusos-schwerin.de\/wp-content\/uploads\/2019\/10\/Cup1-300x300.jpg 300w, http:\/\/jusos-schwerin.de\/wp-content\/uploads\/2019\/10\/Cup1-150x150.jpg 150w, http:\/\/jusos-schwerin.de\/wp-content\/uploads\/2019\/10\/Cup1-768x770.jpg 768w, http:\/\/jusos-schwerin.de\/wp-content\/uploads\/2019\/10\/Cup1.jpg 958w\" sizes=\"(max-width: 300px) 100vw, 300px\" \/><\/p>\n<p>Am 31. August 2019 haben wir unseren j\u00e4hrlich stattfindenden Storch Heinar Cup erfolgreich durchgef\u00fchrt. Am Ende hat sich das Team &#8222;Sensiebelchen&#8220; gegen die 6 weiteren Gegnerteams durchsetzen k\u00f6nnen. Damit gewinnen sie diesen Cup zum dritten Mal. Herzlichen Gl\u00fcckwunsch!<\/p>\n<p>Nat\u00fcrlich bedanken wir uns bei allen Teilnehmern*innen und hoffen, dass wir uns im n\u00e4chsten Jahr wieder sehen. Das Fu\u00dfballturnier gegen Rechts hat in Schwerin inzwischen eine kleine Tradition. Einst als &#8222;Endstation Rechts&#8220;-Turnier und als &#8222;Kicken gegen Rechts&#8220; ausgerichtet, nimmt nun der F\u00fchrerstorch diese Veranstaltung unter seine Fittiche &#8211; und das nun nach 2011 bereits zum siebten Mal!<\/p>\n<p><strong>ORT DES GESCHEHENS:<\/strong> Sportpark Lankow, Ratzeburger Strasse 44, 19057 Schwerin<\/p>\n<p><strong>Wir spielen auf Kleinfeldkunstrasen, dementsprechend spielen wir mit sechs Feldspielern plus Torwart. Gemischte Teams sind erlaubt und auch gew\u00fcnscht.<\/strong><\/p>\n<p><img loading=\"lazy\" class=\"aligncenter size-full wp-image-290\" title=\"\" src=\"http:\/\/jusos-schwerin.de\/wp-content\/uploads\/2011\/07\/love_football_hate_racism.jpg\" alt=\"\" width=\"500\" height=\"52\" \/><\/p>\n<p><strong>ACHTUNG! KEINE NAZIS!<\/strong> Die Veranstalter behalten sich vor, von ihrem Hausrecht Gebrauch zu machen und rechtsextrem, fremdenfeindlich, antisemitisch oder sexistisch eingestellten Personen die Teilnahme zu verweigern. Bekleidung mit entsprechender Symbolik darf nicht zur Schau gestellt werden!<\/p>\n","protected":false},"excerpt":{"rendered":"","protected":false},"author":18,"featured_media":2414,"parent":0,"menu_order":9,"comment_status":"open","ping_status":"open","template":"","meta":[],"_links":{"self":[{"href":"http:\/\/jusos-schwerin.de\/index.php?rest_route=\/wp\/v2\/pages\/1316"}],"collection":[{"href":"http:\/\/jusos-schwerin.de\/index.php?rest_route=\/wp\/v2\/pages"}],"about":[{"href":"http:\/\/jusos-schwerin.de\/index.php?rest_route=\/wp\/v2\/types\/page"}],"author":[{"embeddable":true,"href":"http:\/\/jusos-schwerin.de\/index.php?rest_route=\/wp\/v2\/users\/18"}],"replies":[{"embeddable":true,"href":"http:\/\/jusos-schwerin.de\/index.php?rest_route=%2Fwp%2Fv2%2Fcomments&post=1316"}],"version-history":[{"count":52,"href":"http:\/\/jusos-schwerin.de\/index.php?rest_route=\/wp\/v2\/pages\/1316\/revisions"}],"predecessor-version":[{"id":2406,"href":"http:\/\/jusos-schwerin.de\/index.php?rest_route=\/wp\/v2\/pages\/1316\/revisions\/2406"}],"wp:featuredmedia":[{"embeddable":true,"href":"http:\/\/jusos-schwerin.de\/index.php?rest_route=\/wp\/v2\/media\/2414"}],"wp:attachment":[{"href":"http:\/\/jusos-schwerin.de\/index.php?rest_route=%2Fwp%2Fv2%2Fmedia&parent=1316"}],"curies":[{"name":"wp","href":"https:\/\/api.w.org\/{rel}","templated":true}]}}